{"id":2765,"date":"2026-03-10T09:42:25","date_gmt":"2026-03-10T09:42:25","guid":{"rendered":"https:\/\/fly-provence.aero\/?post_type=product&#038;p=2765"},"modified":"2026-03-10T09:51:56","modified_gmt":"2026-03-10T09:51:56","slug":"individual-15-hour-language-course-pack","status":"publish","type":"product","link":"https:\/\/fly-provence.aero\/en\/shop\/individual-15-hour-language-course-pack\/","title":{"rendered":"One-to-one English lessons - 15-hour pack"},"content":{"rendered":"<p>Fly Provence now offers individual English courses dedicated to aviation, open to both our students and people from outside the school.<\/p>\n<p>\ud83c\udfaf The aim: to learn or improve English in a practical and motivating aeronautical context.<\/p>\n<p>These courses are adapted to each individual's level and objectives:<br \/>\n\ud83d\udc69\u200d\u2708\ufe0f preparation for company selections<br \/>\n\ud83d\udde3\ufe0f preparation for FCL055<br \/>\n\u2708\ufe0f Discovering aviation through English<br \/>\n\ud83d\udcda motivating young people interested in the aeronautical world<\/p>\n<p>Suggested formula:<br \/>\n\ud83d\udce6 15-hour pack<br \/>\n\ud83d\udcb6 \u20ac36 per hour<br \/>\n\ud83d\udc69\u200d\ud83c\udfeb One-to-one lessons with a specialist teacher<\/p>\n<p>An excellent opportunity to improve your English while familiarising yourself with the world of driving.<\/p>","protected":false},"excerpt":{"rendered":"<p class=\"default\">Taught by a specialised teacher and <strong>open both to our students and to people from outside the school<\/strong>, These courses are offered at \u20ac36 per hour, in the form of a <strong data-start=\"386\" data-end=\"407\">15-hour pack<\/strong>. The sessions are entirely\u00a0<strong data-start=\"438\" data-end=\"493\">adapted to the level and objectives of each student<\/strong>.<\/p>\n<p class=\"default\">In particular, they can be used to :<\/p>\n<ul data-start=\"533\" data-end=\"793\">\n<li data-start=\"533\" data-end=\"613\">\n<p class=\"default\"><strong data-start=\"535\" data-end=\"578\">prepare for a language qualification<\/strong>\u00a0(FCL.055, selections, interviews),<\/p>\n<\/li>\n<li data-start=\"614\" data-end=\"687\">\n<p class=\"default\"><strong data-start=\"616\" data-end=\"652\">strengthening aeronautical English<\/strong>\u00a0for students already in training,<\/p>\n<\/li>\n<li data-start=\"688\" data-end=\"793\">\n<p class=\"default\">or\u00a0<strong data-start=\"693\" data-end=\"754\">discover the world of aeronautics through English<\/strong>, especially for young enthusiasts.<\/p>\n<\/li>\n<\/ul>\n<p class=\"default\">A personalised approach to help you make effective progress while developing your skills\u00a0<strong data-start=\"873\" data-end=\"918\">the concrete context of the aeronautical world<\/strong>.<\/p>","protected":false},"featured_media":2769,"comment_status":"open","ping_status":"closed","template":"","meta":[],"product_brand":[],"product_cat":[31],"product_tag":[],"class_list":{"0":"post-2765","1":"product","2":"type-product","3":"status-publish","4":"has-post-thumbnail","6":"product_cat-cours-de-langues","8":"first","9":"instock","10":"taxable","11":"shipping-taxable","12":"purchasable","13":"product-type-simple"},"yoast_head":"<!-- This site is optimized with the Yoast SEO plugin v27.2 - https:\/\/yoast.com\/product\/yoast-seo-wordpress\/ -->\n<title>Cours d&#039;anglais en individuel - Pack de 15h | FLY PROVENCE - \u00c9cole de pilotage \u00e0 Aix-en-Provence<\/title>\n<meta name=\"robots\" content=\"index, follow, max-snippet:-1, max-image-preview:large, max-video-preview:-1\" \/>\n<link rel=\"canonical\" href=\"https:\/\/fly-provence.aero\/en\/shop\/individual-15-hour-language-course-pack\/\" \/>\n<meta property=\"og:locale\" content=\"en_GB\" \/>\n<meta property=\"og:type\" content=\"article\" \/>\n<meta property=\"og:title\" content=\"Cours d&#039;anglais en individuel - Pack de 15h | FLY PROVENCE - \u00c9cole de pilotage \u00e0 Aix-en-Provence\" \/>\n<meta property=\"og:description\" content=\"Dispens\u00e9s par une professeure sp\u00e9cialis\u00e9e et ouverts aussi bien \u00e0 nos \u00e9l\u00e8ves qu\u2019aux personnes ext\u00e9rieures \u00e0 l\u2019\u00e9cole, ces cours sont propos\u00e9s au tarif de 36\u20ac par heure, sous la forme d&#039;un pack de 15 heures. Les s\u00e9ances sont enti\u00e8rement\u00a0adapt\u00e9es au niveau et aux objectifs de chaque \u00e9l\u00e8ve. Ils peuvent notamment permettre de :     pr\u00e9parer une qualification linguistique\u00a0(FCL.055, s\u00e9lections, entretiens),    renforcer l\u2019anglais a\u00e9ronautique\u00a0pour les \u00e9l\u00e8ves d\u00e9j\u00e0 en formation,    ou\u00a0d\u00e9couvrir l\u2019univers de l\u2019a\u00e9ronautique \u00e0 travers l\u2019anglais, notamment pour les jeunes passionn\u00e9s.   Une approche personnalis\u00e9e pour progresser efficacement tout en \u00e9voluant dans\u00a0le contexte concret du monde a\u00e9ronautique.\" \/>\n<meta property=\"og:url\" content=\"https:\/\/fly-provence.aero\/en\/shop\/individual-15-hour-language-course-pack\/\" \/>\n<meta property=\"og:site_name\" content=\"FLY PROVENCE - \u00c9cole de pilotage \u00e0 Aix-en-Provence\" \/>\n<meta property=\"article:modified_time\" content=\"2026-03-10T09:51:56+00:00\" \/>\n<meta property=\"og:image\" content=\"https:\/\/fly-provence.aero\/wp-content\/uploads\/2026\/03\/Design-sans-titre-19-1.jpg\" \/>\n\t<meta property=\"og:image:width\" content=\"800\" \/>\n\t<meta property=\"og:image:height\" content=\"400\" \/>\n\t<meta property=\"og:image:type\" content=\"image\/jpeg\" \/>\n<meta name=\"twitter:card\" content=\"summary_large_image\" \/>\n<meta name=\"twitter:label1\" content=\"Estimated reading time\" \/>\n\t<meta name=\"twitter:data1\" content=\"1 minute\" \/>\n<script type=\"application\/ld+json\" class=\"yoast-schema-graph\">{\"@context\":\"https:\/\/schema.org\",\"@graph\":[{\"@type\":\"WebPage\",\"@id\":\"https:\/\/fly-provence.aero\/boutique\/cours-danglais-en-individuel-pack-de-15h\/\",\"url\":\"https:\/\/fly-provence.aero\/boutique\/cours-danglais-en-individuel-pack-de-15h\/\",\"name\":\"Cours d'anglais en individuel - Pack de 15h | FLY PROVENCE - \u00c9cole de pilotage \u00e0 Aix-en-Provence\",\"isPartOf\":{\"@id\":\"https:\/\/fly-provence.aero\/#website\"},\"primaryImageOfPage\":{\"@id\":\"https:\/\/fly-provence.aero\/boutique\/cours-danglais-en-individuel-pack-de-15h\/#primaryimage\"},\"image\":{\"@id\":\"https:\/\/fly-provence.aero\/boutique\/cours-danglais-en-individuel-pack-de-15h\/#primaryimage\"},\"thumbnailUrl\":\"https:\/\/fly-provence.aero\/wp-content\/uploads\/2026\/03\/Design-sans-titre-19-1.jpg\",\"datePublished\":\"2026-03-10T09:42:25+00:00\",\"dateModified\":\"2026-03-10T09:51:56+00:00\",\"breadcrumb\":{\"@id\":\"https:\/\/fly-provence.aero\/boutique\/cours-danglais-en-individuel-pack-de-15h\/#breadcrumb\"},\"inLanguage\":\"en-GB\",\"potentialAction\":[{\"@type\":\"ReadAction\",\"target\":[\"https:\/\/fly-provence.aero\/boutique\/cours-danglais-en-individuel-pack-de-15h\/\"]}]},{\"@type\":\"ImageObject\",\"inLanguage\":\"en-GB\",\"@id\":\"https:\/\/fly-provence.aero\/boutique\/cours-danglais-en-individuel-pack-de-15h\/#primaryimage\",\"url\":\"https:\/\/fly-provence.aero\/wp-content\/uploads\/2026\/03\/Design-sans-titre-19-1.jpg\",\"contentUrl\":\"https:\/\/fly-provence.aero\/wp-content\/uploads\/2026\/03\/Design-sans-titre-19-1.jpg\",\"width\":800,\"height\":400},{\"@type\":\"BreadcrumbList\",\"@id\":\"https:\/\/fly-provence.aero\/boutique\/cours-danglais-en-individuel-pack-de-15h\/#breadcrumb\",\"itemListElement\":[{\"@type\":\"ListItem\",\"position\":1,\"name\":\"Home\",\"item\":\"https:\/\/fly-provence.aero\/\"},{\"@type\":\"ListItem\",\"position\":2,\"name\":\"Vols d&rsquo;initiation et stages de pilotage\",\"item\":\"https:\/\/fly-provence.aero\/boutique\/\"},{\"@type\":\"ListItem\",\"position\":3,\"name\":\"Cours d&rsquo;anglais en individuel &#8211; Pack de 15h\"}]},{\"@type\":\"WebSite\",\"@id\":\"https:\/\/fly-provence.aero\/#website\",\"url\":\"https:\/\/fly-provence.aero\/\",\"name\":\"FLY PROVENCE - \u00c9cole de pilotage \u00e0 Aix-en-Provence\",\"description\":\"\",\"publisher\":{\"@id\":\"https:\/\/fly-provence.aero\/#organization\"},\"potentialAction\":[{\"@type\":\"SearchAction\",\"target\":{\"@type\":\"EntryPoint\",\"urlTemplate\":\"https:\/\/fly-provence.aero\/?s={search_term_string}\"},\"query-input\":{\"@type\":\"PropertyValueSpecification\",\"valueRequired\":true,\"valueName\":\"search_term_string\"}}],\"inLanguage\":\"en-GB\"},{\"@type\":\"Organization\",\"@id\":\"https:\/\/fly-provence.aero\/#organization\",\"name\":\"FLY PROVENCE - \u00c9cole de pilotage \u00e0 Aix-en-Provence\",\"url\":\"https:\/\/fly-provence.aero\/\",\"logo\":{\"@type\":\"ImageObject\",\"inLanguage\":\"en-GB\",\"@id\":\"https:\/\/fly-provence.aero\/#\/schema\/logo\/image\/\",\"url\":\"https:\/\/fly-provence.aero\/wp-content\/uploads\/2024\/12\/cropped-fav.jpg\",\"contentUrl\":\"https:\/\/fly-provence.aero\/wp-content\/uploads\/2024\/12\/cropped-fav.jpg\",\"width\":512,\"height\":512,\"caption\":\"FLY PROVENCE - \u00c9cole de pilotage \u00e0 Aix-en-Provence\"},\"image\":{\"@id\":\"https:\/\/fly-provence.aero\/#\/schema\/logo\/image\/\"}}]}<\/script>\n<!-- \/ Yoast SEO plugin. -->","yoast_head_json":{"title":"Individual English lessons - Pack of 15h | FLY PROVENCE - Flying school in Aix-en-Provence","robots":{"index":"index","follow":"follow","max-snippet":"max-snippet:-1","max-image-preview":"max-image-preview:large","max-video-preview":"max-video-preview:-1"},"canonical":"https:\/\/fly-provence.aero\/en\/shop\/individual-15-hour-language-course-pack\/","og_locale":"en_GB","og_type":"article","og_title":"Cours d'anglais en individuel - Pack de 15h | FLY PROVENCE - \u00c9cole de pilotage \u00e0 Aix-en-Provence","og_description":"Dispens\u00e9s par une professeure sp\u00e9cialis\u00e9e et ouverts aussi bien \u00e0 nos \u00e9l\u00e8ves qu\u2019aux personnes ext\u00e9rieures \u00e0 l\u2019\u00e9cole, ces cours sont propos\u00e9s au tarif de 36\u20ac par heure, sous la forme d'un pack de 15 heures. Les s\u00e9ances sont enti\u00e8rement\u00a0adapt\u00e9es au niveau et aux objectifs de chaque \u00e9l\u00e8ve. Ils peuvent notamment permettre de :     pr\u00e9parer une qualification linguistique\u00a0(FCL.055, s\u00e9lections, entretiens),    renforcer l\u2019anglais a\u00e9ronautique\u00a0pour les \u00e9l\u00e8ves d\u00e9j\u00e0 en formation,    ou\u00a0d\u00e9couvrir l\u2019univers de l\u2019a\u00e9ronautique \u00e0 travers l\u2019anglais, notamment pour les jeunes passionn\u00e9s.   Une approche personnalis\u00e9e pour progresser efficacement tout en \u00e9voluant dans\u00a0le contexte concret du monde a\u00e9ronautique.","og_url":"https:\/\/fly-provence.aero\/en\/shop\/individual-15-hour-language-course-pack\/","og_site_name":"FLY PROVENCE - \u00c9cole de pilotage \u00e0 Aix-en-Provence","article_modified_time":"2026-03-10T09:51:56+00:00","og_image":[{"width":800,"height":400,"url":"https:\/\/fly-provence.aero\/wp-content\/uploads\/2026\/03\/Design-sans-titre-19-1.jpg","type":"image\/jpeg"}],"twitter_card":"summary_large_image","twitter_misc":{"Estimated reading time":"1 minute"},"schema":{"@context":"https:\/\/schema.org","@graph":[{"@type":"WebPage","@id":"https:\/\/fly-provence.aero\/boutique\/cours-danglais-en-individuel-pack-de-15h\/","url":"https:\/\/fly-provence.aero\/boutique\/cours-danglais-en-individuel-pack-de-15h\/","name":"Individual English lessons - Pack of 15h | FLY PROVENCE - Flying school in Aix-en-Provence","isPartOf":{"@id":"https:\/\/fly-provence.aero\/#website"},"primaryImageOfPage":{"@id":"https:\/\/fly-provence.aero\/boutique\/cours-danglais-en-individuel-pack-de-15h\/#primaryimage"},"image":{"@id":"https:\/\/fly-provence.aero\/boutique\/cours-danglais-en-individuel-pack-de-15h\/#primaryimage"},"thumbnailUrl":"https:\/\/fly-provence.aero\/wp-content\/uploads\/2026\/03\/Design-sans-titre-19-1.jpg","datePublished":"2026-03-10T09:42:25+00:00","dateModified":"2026-03-10T09:51:56+00:00","breadcrumb":{"@id":"https:\/\/fly-provence.aero\/boutique\/cours-danglais-en-individuel-pack-de-15h\/#breadcrumb"},"inLanguage":"en-GB","potentialAction":[{"@type":"ReadAction","target":["https:\/\/fly-provence.aero\/boutique\/cours-danglais-en-individuel-pack-de-15h\/"]}]},{"@type":"ImageObject","inLanguage":"en-GB","@id":"https:\/\/fly-provence.aero\/boutique\/cours-danglais-en-individuel-pack-de-15h\/#primaryimage","url":"https:\/\/fly-provence.aero\/wp-content\/uploads\/2026\/03\/Design-sans-titre-19-1.jpg","contentUrl":"https:\/\/fly-provence.aero\/wp-content\/uploads\/2026\/03\/Design-sans-titre-19-1.jpg","width":800,"height":400},{"@type":"BreadcrumbList","@id":"https:\/\/fly-provence.aero\/boutique\/cours-danglais-en-individuel-pack-de-15h\/#breadcrumb","itemListElement":[{"@type":"ListItem","position":1,"name":"Home","item":"https:\/\/fly-provence.aero\/"},{"@type":"ListItem","position":2,"name":"Vols d&rsquo;initiation et stages de pilotage","item":"https:\/\/fly-provence.aero\/boutique\/"},{"@type":"ListItem","position":3,"name":"Cours d&rsquo;anglais en individuel &#8211; Pack de 15h"}]},{"@type":"WebSite","@id":"https:\/\/fly-provence.aero\/#website","url":"https:\/\/fly-provence.aero\/","name":"FLY PROVENCE - Flying school in Aix-en-Provence","description":"","publisher":{"@id":"https:\/\/fly-provence.aero\/#organization"},"potentialAction":[{"@type":"SearchAction","target":{"@type":"EntryPoint","urlTemplate":"https:\/\/fly-provence.aero\/?s={search_term_string}"},"query-input":{"@type":"PropertyValueSpecification","valueRequired":true,"valueName":"search_term_string"}}],"inLanguage":"en-GB"},{"@type":"Organization","@id":"https:\/\/fly-provence.aero\/#organization","name":"FLY PROVENCE - Flying school in Aix-en-Provence","url":"https:\/\/fly-provence.aero\/","logo":{"@type":"ImageObject","inLanguage":"en-GB","@id":"https:\/\/fly-provence.aero\/#\/schema\/logo\/image\/","url":"https:\/\/fly-provence.aero\/wp-content\/uploads\/2024\/12\/cropped-fav.jpg","contentUrl":"https:\/\/fly-provence.aero\/wp-content\/uploads\/2024\/12\/cropped-fav.jpg","width":512,"height":512,"caption":"FLY PROVENCE - \u00c9cole de pilotage \u00e0 Aix-en-Provence"},"image":{"@id":"https:\/\/fly-provence.aero\/#\/schema\/logo\/image\/"}}]}},"_links":{"self":[{"href":"https:\/\/fly-provence.aero\/en\/wp-json\/wp\/v2\/product\/2765","targetHints":{"allow":["GET"]}}],"collection":[{"href":"https:\/\/fly-provence.aero\/en\/wp-json\/wp\/v2\/product"}],"about":[{"href":"https:\/\/fly-provence.aero\/en\/wp-json\/wp\/v2\/types\/product"}],"replies":[{"embeddable":true,"href":"https:\/\/fly-provence.aero\/en\/wp-json\/wp\/v2\/comments?post=2765"}],"wp:featuredmedia":[{"embeddable":true,"href":"https:\/\/fly-provence.aero\/en\/wp-json\/wp\/v2\/media\/2769"}],"wp:attachment":[{"href":"https:\/\/fly-provence.aero\/en\/wp-json\/wp\/v2\/media?parent=2765"}],"wp:term":[{"taxonomy":"product_brand","embeddable":true,"href":"https:\/\/fly-provence.aero\/en\/wp-json\/wp\/v2\/product_brand?post=2765"},{"taxonomy":"product_cat","embeddable":true,"href":"https:\/\/fly-provence.aero\/en\/wp-json\/wp\/v2\/product_cat?post=2765"},{"taxonomy":"product_tag","embeddable":true,"href":"https:\/\/fly-provence.aero\/en\/wp-json\/wp\/v2\/product_tag?post=2765"}],"curies":[{"name":"wp","href":"https:\/\/api.w.org\/{rel}","templated":true}]}}