{"id":2538,"date":"2025-12-18T09:17:55","date_gmt":"2025-12-18T09:17:55","guid":{"rendered":"https:\/\/fly-provence.aero\/?post_type=product&#038;p=2538"},"modified":"2026-02-04T15:45:02","modified_gmt":"2026-02-04T15:45:02","slug":"preparation-for-selection-as-an-airline-pilot","status":"publish","type":"product","link":"https:\/\/fly-provence.aero\/en\/shop\/preparation-for-selection-as-an-airline-pilot\/","title":{"rendered":"Preparation for selection as an airline pilot"},"content":{"rendered":"<h3><strong>Preparation objectives<\/strong><\/h3>\n<ul>\n<li>Facing challenges similar to those faced by airlines<\/li>\n<li>Understand exactly what is being assessed and how<\/li>\n<li>Identify your strengths and areas for improvement<\/li>\n<li>Adjust your posture, communication and decision-making skills<\/li>\n<li>Approach your selections with confidence, clarity and consistency<\/li>\n<\/ul>\n<h3><strong>Group tests - Non-technical skills (NTS)<\/strong><\/h3>\n<p>Group tests are organised in groups of 5 candidates minimum and maximum, guaranteeing :<\/p>\n<ul>\n<li>a realistic dynamic,<\/li>\n<li>close observation of each participant,<\/li>\n<li>high-quality one-to-one feedback.<\/li>\n<\/ul>\n<p><strong>Format<\/strong><\/p>\n<ul>\n<li>3 hours of group tests<\/li>\n<li>1 hour group debriefing<\/li>\n<\/ul>\n<p><strong>Skills assessed<\/strong><\/p>\n<ul>\n<li>Situational awareness<\/li>\n<li>Leadership and the ability to take your place in the group<\/li>\n<li>Verbal and non-verbal communication<\/li>\n<li>Teamwork and cooperation<\/li>\n<li>Workload management<\/li>\n<li>Decision-making and prioritisation<\/li>\n<li>Professional attitude and adaptability<\/li>\n<\/ul>\n<p>The exercises are designed to faithfully reproduce the expectations of the company selections.<\/p>\n<h3><strong>Individual interview - In-depth analysis of the candidate<\/strong><\/h3>\n<p><em>(depending on the package chosen)<\/em><\/p>\n<p>The individual interview enables a detailed assessment of :<\/p>\n<ul>\n<li>The coherence and maturity of your career plan<\/li>\n<li>Your genuine motivation and commitment<\/li>\n<li>Your emotional stability and stress management<\/li>\n<li>Your posture, your speech and your capacity for introspection<\/li>\n<\/ul>\n<p>Duration: 1h30 per candidate<br \/>\nEach interview is followed by a personalised debriefing, with concrete, actionable recommendations.<\/p>\n<h3><strong>Management &amp; expertise<\/strong><\/h3>\n<p><strong>\u00c9ric Costamagno<\/strong><\/p>\n<p>Psychologist specialising in aviation recruitment<\/p>\n<p>A recognised aeronautical psychologist, \u00c9ric Costamagno specialises in the assessment and selection of pilots.<br \/>\nHe has been involved for many years in recruitment processes for airlines, as well as for leading institutions such as ENAC.<\/p>\n<p>Its expertise includes<\/p>\n<ul>\n<li>assessment of non-technical skills (NTS),<\/li>\n<li>emotional stability,<\/li>\n<li>the coherence of the career plan,<\/li>\n<li>posture and behaviour in selection situations.<\/li>\n<\/ul>\n<p>It provides a professional and demanding reading, in line with the standards of recruiters in the airline industry.<\/p>\n<p><strong>Herv\u00e9 Berardi<\/strong><\/p>\n<p>Private pilot - ENAC instructor for 18 years<\/p>\n<p>An experienced private pilot and instructor, Herv\u00e9 Berardi spent 18 years as an instructor at ENAC, training and assessing hundreds of future aviation professionals.<\/p>\n<p>Its expertise covers :<\/p>\n<ul>\n<li>pilot training and assessment,<\/li>\n<li>working as part of a crew,<\/li>\n<li>the behavioural expectations of companies,<\/li>\n<li>professional posture in an aeronautical environment.<\/li>\n<\/ul>\n<p>It provides an operational, on-the-ground and realistic vision, straight from the professional world.<\/p>\n<h3><strong>Organisation of the half-day<\/strong><\/h3>\n<ul>\n<li>Group tests (3h)<\/li>\n<li>Group debriefing (1 hour)<\/li>\n<\/ul>\n<p><strong>DEPENDING ON THE PACKAGE CHOSEN <\/strong>:<\/p>\n<ul>\n<li>Individual interview and debriefing (1h30) - In the afternoon<\/li>\n<\/ul>\n<h3><strong>Formulas on offer<\/strong><\/h3>\n<h4>Option 1 - Selection preparation<\/h4>\n<p><strong>Group tests (half-day) <u>only<\/u><\/strong><\/p>\n<p>3 hours of group tests<br \/>\nGroup of 5 candidates<br \/>\nObservation by aviation recruitment professionals<br \/>\n1 hour structured group debriefing<\/p>\n<p>Ideal for assessing your non-technical skills and understanding what is expected in the selection process.<\/p>\n<h4>Option 2 - Selection preparation<\/h4>\n<p><strong>Group tests <u>+ individual interview<\/u><\/strong><\/p>\n<p>3 hours of group tests<br \/>\nGroup debriefing<br \/>\nIn-depth individual interview (1h30) and personalised individual debriefing \/ concrete recommendations<\/p>\n<p>The most complete formula for serious and effective preparation for company selection.<\/p>\n<h3><strong>Target audience<\/strong><\/h3>\n<ul>\n<li>Student pilots at the end of their training<\/li>\n<li>Pilots looking for their first job<\/li>\n<li>Pilots undergoing retraining or changing airline<\/li>\n<li>Anyone wishing to prepare rigorously for a selection process<\/li>\n<\/ul>\n<p>Location: Fly Provence<br \/>\nGroups limited to 5 candidates<br \/>\nDuration: Half day<br \/>\nRegularly scheduled sessions<\/p>","protected":false},"excerpt":{"rendered":"<p>Are you preparing for an airline selection or a demanding recruitment process?<br \/>\nSuccess is not based on technical skills alone. Above all, companies assess your behaviour, your ability to work as part of a crew, your professional maturity and your personal balance.<\/p>\n<p>Fly Provence's Selection Preparation course puts you in a real selection situation, so that you can assess and optimise your non-technical skills (NTS) and your professional posture.<\/p>","protected":false},"featured_media":2532,"comment_status":"open","ping_status":"closed","template":"","meta":[],"product_brand":[],"product_cat":[29],"product_tag":[],"class_list":{"0":"post-2538","1":"product","2":"type-product","3":"status-publish","4":"has-post-thumbnail","6":"product_cat-preparation-en-selection-pilote-de-ligne","8":"first","9":"instock","10":"taxable","11":"shipping-taxable","12":"product-type-variable"},"yoast_head":"<!-- This site is optimized with the Yoast SEO plugin v27.2 - https:\/\/yoast.com\/product\/yoast-seo-wordpress\/ -->\n<title>Pr\u00e9paration en s\u00e9lection pilote de ligne | FLY PROVENCE - \u00c9cole de pilotage \u00e0 Aix-en-Provence<\/title>\n<meta name=\"robots\" content=\"index, follow, max-snippet:-1, max-image-preview:large, max-video-preview:-1\" \/>\n<link rel=\"canonical\" href=\"https:\/\/fly-provence.aero\/en\/shop\/preparation-for-selection-as-an-airline-pilot\/\" \/>\n<meta property=\"og:locale\" content=\"en_GB\" \/>\n<meta property=\"og:type\" content=\"article\" \/>\n<meta property=\"og:title\" content=\"Pr\u00e9paration en s\u00e9lection pilote de ligne | FLY PROVENCE - \u00c9cole de pilotage \u00e0 Aix-en-Provence\" \/>\n<meta property=\"og:description\" content=\"Vous vous pr\u00e9parez \u00e0 une s\u00e9lection en compagnie a\u00e9rienne ou \u00e0 un processus de recrutement exigeant ? La r\u00e9ussite ne repose pas uniquement sur les comp\u00e9tences techniques. Les compagnies \u00e9valuent avant tout votre comportement, votre capacit\u00e9 \u00e0 travailler en \u00e9quipage, votre maturit\u00e9 professionnelle et votre \u00e9quilibre personnel.  La formation Pr\u00e9paration en s\u00e9lection de Fly Provence vous place en situation r\u00e9elle de s\u00e9lection, afin d\u2019\u00e9valuer et d\u2019optimiser vos comp\u00e9tences non-techniques (NTS) et votre posture professionnelle.\" \/>\n<meta property=\"og:url\" content=\"https:\/\/fly-provence.aero\/en\/shop\/preparation-for-selection-as-an-airline-pilot\/\" \/>\n<meta property=\"og:site_name\" content=\"FLY PROVENCE - \u00c9cole de pilotage \u00e0 Aix-en-Provence\" \/>\n<meta property=\"article:modified_time\" content=\"2026-02-04T15:45:02+00:00\" \/>\n<meta property=\"og:image\" content=\"https:\/\/fly-provence.aero\/wp-content\/uploads\/2025\/12\/Sans-titre-800-x-400-px-min.jpg\" \/>\n\t<meta property=\"og:image:width\" content=\"800\" \/>\n\t<meta property=\"og:image:height\" content=\"400\" \/>\n\t<meta property=\"og:image:type\" content=\"image\/jpeg\" \/>\n<meta name=\"twitter:card\" content=\"summary_large_image\" \/>\n<meta name=\"twitter:label1\" content=\"Estimated reading time\" \/>\n\t<meta name=\"twitter:data1\" content=\"3 minutes\" \/>\n<script type=\"application\/ld+json\" class=\"yoast-schema-graph\">{\"@context\":\"https:\/\/schema.org\",\"@graph\":[{\"@type\":\"WebPage\",\"@id\":\"https:\/\/fly-provence.aero\/boutique\/preparation-en-selection-pilote-de-ligne\/\",\"url\":\"https:\/\/fly-provence.aero\/boutique\/preparation-en-selection-pilote-de-ligne\/\",\"name\":\"Pr\u00e9paration en s\u00e9lection pilote de ligne | FLY PROVENCE - \u00c9cole de pilotage \u00e0 Aix-en-Provence\",\"isPartOf\":{\"@id\":\"https:\/\/fly-provence.aero\/#website\"},\"primaryImageOfPage\":{\"@id\":\"https:\/\/fly-provence.aero\/boutique\/preparation-en-selection-pilote-de-ligne\/#primaryimage\"},\"image\":{\"@id\":\"https:\/\/fly-provence.aero\/boutique\/preparation-en-selection-pilote-de-ligne\/#primaryimage\"},\"thumbnailUrl\":\"https:\/\/fly-provence.aero\/wp-content\/uploads\/2025\/12\/Sans-titre-800-x-400-px-min.jpg\",\"datePublished\":\"2025-12-18T09:17:55+00:00\",\"dateModified\":\"2026-02-04T15:45:02+00:00\",\"breadcrumb\":{\"@id\":\"https:\/\/fly-provence.aero\/boutique\/preparation-en-selection-pilote-de-ligne\/#breadcrumb\"},\"inLanguage\":\"en-GB\",\"potentialAction\":[{\"@type\":\"ReadAction\",\"target\":[\"https:\/\/fly-provence.aero\/boutique\/preparation-en-selection-pilote-de-ligne\/\"]}]},{\"@type\":\"ImageObject\",\"inLanguage\":\"en-GB\",\"@id\":\"https:\/\/fly-provence.aero\/boutique\/preparation-en-selection-pilote-de-ligne\/#primaryimage\",\"url\":\"https:\/\/fly-provence.aero\/wp-content\/uploads\/2025\/12\/Sans-titre-800-x-400-px-min.jpg\",\"contentUrl\":\"https:\/\/fly-provence.aero\/wp-content\/uploads\/2025\/12\/Sans-titre-800-x-400-px-min.jpg\",\"width\":800,\"height\":400},{\"@type\":\"BreadcrumbList\",\"@id\":\"https:\/\/fly-provence.aero\/boutique\/preparation-en-selection-pilote-de-ligne\/#breadcrumb\",\"itemListElement\":[{\"@type\":\"ListItem\",\"position\":1,\"name\":\"Home\",\"item\":\"https:\/\/fly-provence.aero\/\"},{\"@type\":\"ListItem\",\"position\":2,\"name\":\"Vols d&rsquo;initiation et stages de pilotage\",\"item\":\"https:\/\/fly-provence.aero\/boutique\/\"},{\"@type\":\"ListItem\",\"position\":3,\"name\":\"Pr\u00e9paration en s\u00e9lection pilote de ligne\"}]},{\"@type\":\"WebSite\",\"@id\":\"https:\/\/fly-provence.aero\/#website\",\"url\":\"https:\/\/fly-provence.aero\/\",\"name\":\"FLY PROVENCE - \u00c9cole de pilotage \u00e0 Aix-en-Provence\",\"description\":\"\",\"publisher\":{\"@id\":\"https:\/\/fly-provence.aero\/#organization\"},\"potentialAction\":[{\"@type\":\"SearchAction\",\"target\":{\"@type\":\"EntryPoint\",\"urlTemplate\":\"https:\/\/fly-provence.aero\/?s={search_term_string}\"},\"query-input\":{\"@type\":\"PropertyValueSpecification\",\"valueRequired\":true,\"valueName\":\"search_term_string\"}}],\"inLanguage\":\"en-GB\"},{\"@type\":\"Organization\",\"@id\":\"https:\/\/fly-provence.aero\/#organization\",\"name\":\"FLY PROVENCE - \u00c9cole de pilotage \u00e0 Aix-en-Provence\",\"url\":\"https:\/\/fly-provence.aero\/\",\"logo\":{\"@type\":\"ImageObject\",\"inLanguage\":\"en-GB\",\"@id\":\"https:\/\/fly-provence.aero\/#\/schema\/logo\/image\/\",\"url\":\"https:\/\/fly-provence.aero\/wp-content\/uploads\/2024\/12\/cropped-fav.jpg\",\"contentUrl\":\"https:\/\/fly-provence.aero\/wp-content\/uploads\/2024\/12\/cropped-fav.jpg\",\"width\":512,\"height\":512,\"caption\":\"FLY PROVENCE - \u00c9cole de pilotage \u00e0 Aix-en-Provence\"},\"image\":{\"@id\":\"https:\/\/fly-provence.aero\/#\/schema\/logo\/image\/\"}}]}<\/script>\n<!-- \/ Yoast SEO plugin. -->","yoast_head_json":{"title":"Preparation for airline pilot selection | FLY PROVENCE - Flying school in Aix-en-Provence","robots":{"index":"index","follow":"follow","max-snippet":"max-snippet:-1","max-image-preview":"max-image-preview:large","max-video-preview":"max-video-preview:-1"},"canonical":"https:\/\/fly-provence.aero\/en\/shop\/preparation-for-selection-as-an-airline-pilot\/","og_locale":"en_GB","og_type":"article","og_title":"Pr\u00e9paration en s\u00e9lection pilote de ligne | FLY PROVENCE - \u00c9cole de pilotage \u00e0 Aix-en-Provence","og_description":"Vous vous pr\u00e9parez \u00e0 une s\u00e9lection en compagnie a\u00e9rienne ou \u00e0 un processus de recrutement exigeant ? La r\u00e9ussite ne repose pas uniquement sur les comp\u00e9tences techniques. Les compagnies \u00e9valuent avant tout votre comportement, votre capacit\u00e9 \u00e0 travailler en \u00e9quipage, votre maturit\u00e9 professionnelle et votre \u00e9quilibre personnel.  La formation Pr\u00e9paration en s\u00e9lection de Fly Provence vous place en situation r\u00e9elle de s\u00e9lection, afin d\u2019\u00e9valuer et d\u2019optimiser vos comp\u00e9tences non-techniques (NTS) et votre posture professionnelle.","og_url":"https:\/\/fly-provence.aero\/en\/shop\/preparation-for-selection-as-an-airline-pilot\/","og_site_name":"FLY PROVENCE - \u00c9cole de pilotage \u00e0 Aix-en-Provence","article_modified_time":"2026-02-04T15:45:02+00:00","og_image":[{"width":800,"height":400,"url":"https:\/\/fly-provence.aero\/wp-content\/uploads\/2025\/12\/Sans-titre-800-x-400-px-min.jpg","type":"image\/jpeg"}],"twitter_card":"summary_large_image","twitter_misc":{"Estimated reading time":"3 minutes"},"schema":{"@context":"https:\/\/schema.org","@graph":[{"@type":"WebPage","@id":"https:\/\/fly-provence.aero\/boutique\/preparation-en-selection-pilote-de-ligne\/","url":"https:\/\/fly-provence.aero\/boutique\/preparation-en-selection-pilote-de-ligne\/","name":"Preparation for airline pilot selection | FLY PROVENCE - Flying school in Aix-en-Provence","isPartOf":{"@id":"https:\/\/fly-provence.aero\/#website"},"primaryImageOfPage":{"@id":"https:\/\/fly-provence.aero\/boutique\/preparation-en-selection-pilote-de-ligne\/#primaryimage"},"image":{"@id":"https:\/\/fly-provence.aero\/boutique\/preparation-en-selection-pilote-de-ligne\/#primaryimage"},"thumbnailUrl":"https:\/\/fly-provence.aero\/wp-content\/uploads\/2025\/12\/Sans-titre-800-x-400-px-min.jpg","datePublished":"2025-12-18T09:17:55+00:00","dateModified":"2026-02-04T15:45:02+00:00","breadcrumb":{"@id":"https:\/\/fly-provence.aero\/boutique\/preparation-en-selection-pilote-de-ligne\/#breadcrumb"},"inLanguage":"en-GB","potentialAction":[{"@type":"ReadAction","target":["https:\/\/fly-provence.aero\/boutique\/preparation-en-selection-pilote-de-ligne\/"]}]},{"@type":"ImageObject","inLanguage":"en-GB","@id":"https:\/\/fly-provence.aero\/boutique\/preparation-en-selection-pilote-de-ligne\/#primaryimage","url":"https:\/\/fly-provence.aero\/wp-content\/uploads\/2025\/12\/Sans-titre-800-x-400-px-min.jpg","contentUrl":"https:\/\/fly-provence.aero\/wp-content\/uploads\/2025\/12\/Sans-titre-800-x-400-px-min.jpg","width":800,"height":400},{"@type":"BreadcrumbList","@id":"https:\/\/fly-provence.aero\/boutique\/preparation-en-selection-pilote-de-ligne\/#breadcrumb","itemListElement":[{"@type":"ListItem","position":1,"name":"Home","item":"https:\/\/fly-provence.aero\/"},{"@type":"ListItem","position":2,"name":"Vols d&rsquo;initiation et stages de pilotage","item":"https:\/\/fly-provence.aero\/boutique\/"},{"@type":"ListItem","position":3,"name":"Pr\u00e9paration en s\u00e9lection pilote de ligne"}]},{"@type":"WebSite","@id":"https:\/\/fly-provence.aero\/#website","url":"https:\/\/fly-provence.aero\/","name":"FLY PROVENCE - Flying school in Aix-en-Provence","description":"","publisher":{"@id":"https:\/\/fly-provence.aero\/#organization"},"potentialAction":[{"@type":"SearchAction","target":{"@type":"EntryPoint","urlTemplate":"https:\/\/fly-provence.aero\/?s={search_term_string}"},"query-input":{"@type":"PropertyValueSpecification","valueRequired":true,"valueName":"search_term_string"}}],"inLanguage":"en-GB"},{"@type":"Organization","@id":"https:\/\/fly-provence.aero\/#organization","name":"FLY PROVENCE - Flying school in Aix-en-Provence","url":"https:\/\/fly-provence.aero\/","logo":{"@type":"ImageObject","inLanguage":"en-GB","@id":"https:\/\/fly-provence.aero\/#\/schema\/logo\/image\/","url":"https:\/\/fly-provence.aero\/wp-content\/uploads\/2024\/12\/cropped-fav.jpg","contentUrl":"https:\/\/fly-provence.aero\/wp-content\/uploads\/2024\/12\/cropped-fav.jpg","width":512,"height":512,"caption":"FLY PROVENCE - \u00c9cole de pilotage \u00e0 Aix-en-Provence"},"image":{"@id":"https:\/\/fly-provence.aero\/#\/schema\/logo\/image\/"}}]}},"_links":{"self":[{"href":"https:\/\/fly-provence.aero\/en\/wp-json\/wp\/v2\/product\/2538","targetHints":{"allow":["GET"]}}],"collection":[{"href":"https:\/\/fly-provence.aero\/en\/wp-json\/wp\/v2\/product"}],"about":[{"href":"https:\/\/fly-provence.aero\/en\/wp-json\/wp\/v2\/types\/product"}],"replies":[{"embeddable":true,"href":"https:\/\/fly-provence.aero\/en\/wp-json\/wp\/v2\/comments?post=2538"}],"wp:featuredmedia":[{"embeddable":true,"href":"https:\/\/fly-provence.aero\/en\/wp-json\/wp\/v2\/media\/2532"}],"wp:attachment":[{"href":"https:\/\/fly-provence.aero\/en\/wp-json\/wp\/v2\/media?parent=2538"}],"wp:term":[{"taxonomy":"product_brand","embeddable":true,"href":"https:\/\/fly-provence.aero\/en\/wp-json\/wp\/v2\/product_brand?post=2538"},{"taxonomy":"product_cat","embeddable":true,"href":"https:\/\/fly-provence.aero\/en\/wp-json\/wp\/v2\/product_cat?post=2538"},{"taxonomy":"product_tag","embeddable":true,"href":"https:\/\/fly-provence.aero\/en\/wp-json\/wp\/v2\/product_tag?post=2538"}],"curies":[{"name":"wp","href":"https:\/\/api.w.org\/{rel}","templated":true}]}}