{"id":1265,"date":"2025-01-09T10:15:51","date_gmt":"2025-01-09T10:15:51","guid":{"rendered":"https:\/\/dev.fly-provence.aero\/?post_type=product&#038;p=1265"},"modified":"2025-09-18T13:07:46","modified_gmt":"2025-09-18T13:07:46","slug":"youth-internship-at-lannee","status":"publish","type":"product","link":"https:\/\/fly-provence.aero\/en\/shop\/youth-internship-at-lannee\/","title":{"rendered":"Year-round youth internship"},"content":{"rendered":"","protected":false},"excerpt":{"rendered":"<p>With Jeunesse Aviation, an association based at Aix Les Milles airfield, young adults aged between 15 and 18 can discover the world of aeronautics and its professions through a year-round work placement.<\/p>\n<p>The courses take place at FLY-PROVENCE on Wednesday afternoons or Saturday mornings during the school year.<\/p>\n<p>Young people are given a theoretical and practical introduction to flying, with flights twice a month. Please contact us for more information. Prices are per month.<\/p>","protected":false},"featured_media":1273,"comment_status":"open","ping_status":"closed","template":"","meta":[],"product_brand":[],"product_cat":[20],"product_tag":[],"class_list":{"0":"post-1265","1":"product","2":"type-product","3":"status-publish","4":"has-post-thumbnail","6":"product_cat-stages-et-initiations-au-pilotage-davion","8":"first","9":"instock","10":"virtual","11":"taxable","12":"purchasable","13":"product-type-simple"},"yoast_head":"<!-- This site is optimized with the Yoast SEO plugin v27.2 - https:\/\/yoast.com\/product\/yoast-seo-wordpress\/ -->\n<title>Stage jeune \u00e0 l\u2019ann\u00e9e | FLY PROVENCE - \u00c9cole de pilotage \u00e0 Aix-en-Provence<\/title>\n<meta name=\"robots\" content=\"index, follow, max-snippet:-1, max-image-preview:large, max-video-preview:-1\" \/>\n<link rel=\"canonical\" href=\"https:\/\/fly-provence.aero\/en\/shop\/youth-internship-at-lannee\/\" \/>\n<meta property=\"og:locale\" content=\"en_GB\" \/>\n<meta property=\"og:type\" content=\"article\" \/>\n<meta property=\"og:title\" content=\"Stage jeune \u00e0 l\u2019ann\u00e9e | FLY PROVENCE - \u00c9cole de pilotage \u00e0 Aix-en-Provence\" \/>\n<meta property=\"og:description\" content=\"Avec Jeunesse Aviation, association bas\u00e9e sur l\u2019a\u00e9rodrome d\u2019Aix Les Milles, les jeunes entre 15 et 18 ans peuvent d\u00e9couvrir le monde de l\u2019a\u00e9ronautique et ses m\u00e9tiers au travers d\u2019un stage \u00e0 l\u2019ann\u00e9e.  Les stages se d\u00e9roulent dans les locaux de FLY-PROVENCE, le mercredi apr\u00e8s-midi, ou le samedi matin, durant l\u2019ann\u00e9e scolaire.  Les jeunes suivent une initiation th\u00e9orique et pratique au pilotage, avec la r\u00e9alisation de vols 2 fois par mois. Veuillez nous contacter pour en avoir plus. Le prix est indiqu\u00e9 par mois.\" \/>\n<meta property=\"og:url\" content=\"https:\/\/fly-provence.aero\/en\/shop\/youth-internship-at-lannee\/\" \/>\n<meta property=\"og:site_name\" content=\"FLY PROVENCE - \u00c9cole de pilotage \u00e0 Aix-en-Provence\" \/>\n<meta property=\"article:modified_time\" content=\"2025-09-18T13:07:46+00:00\" \/>\n<meta property=\"og:image\" content=\"https:\/\/fly-provence.aero\/wp-content\/uploads\/2025\/01\/stage-jeune-fly-provence.png\" \/>\n\t<meta property=\"og:image:width\" content=\"1000\" \/>\n\t<meta property=\"og:image:height\" content=\"666\" \/>\n\t<meta property=\"og:image:type\" content=\"image\/png\" \/>\n<meta name=\"twitter:card\" content=\"summary_large_image\" \/>\n<script type=\"application\/ld+json\" class=\"yoast-schema-graph\">{\"@context\":\"https:\/\/schema.org\",\"@graph\":[{\"@type\":\"WebPage\",\"@id\":\"https:\/\/fly-provence.aero\/boutique\/stage-jeune-a-lannee\/\",\"url\":\"https:\/\/fly-provence.aero\/boutique\/stage-jeune-a-lannee\/\",\"name\":\"Stage jeune \u00e0 l\u2019ann\u00e9e | FLY PROVENCE - \u00c9cole de pilotage \u00e0 Aix-en-Provence\",\"isPartOf\":{\"@id\":\"https:\/\/fly-provence.aero\/#website\"},\"primaryImageOfPage\":{\"@id\":\"https:\/\/fly-provence.aero\/boutique\/stage-jeune-a-lannee\/#primaryimage\"},\"image\":{\"@id\":\"https:\/\/fly-provence.aero\/boutique\/stage-jeune-a-lannee\/#primaryimage\"},\"thumbnailUrl\":\"https:\/\/fly-provence.aero\/wp-content\/uploads\/2025\/01\/stage-jeune-fly-provence.png\",\"datePublished\":\"2025-01-09T10:15:51+00:00\",\"dateModified\":\"2025-09-18T13:07:46+00:00\",\"breadcrumb\":{\"@id\":\"https:\/\/fly-provence.aero\/boutique\/stage-jeune-a-lannee\/#breadcrumb\"},\"inLanguage\":\"en-GB\",\"potentialAction\":[{\"@type\":\"ReadAction\",\"target\":[\"https:\/\/fly-provence.aero\/boutique\/stage-jeune-a-lannee\/\"]}]},{\"@type\":\"ImageObject\",\"inLanguage\":\"en-GB\",\"@id\":\"https:\/\/fly-provence.aero\/boutique\/stage-jeune-a-lannee\/#primaryimage\",\"url\":\"https:\/\/fly-provence.aero\/wp-content\/uploads\/2025\/01\/stage-jeune-fly-provence.png\",\"contentUrl\":\"https:\/\/fly-provence.aero\/wp-content\/uploads\/2025\/01\/stage-jeune-fly-provence.png\",\"width\":1000,\"height\":666},{\"@type\":\"BreadcrumbList\",\"@id\":\"https:\/\/fly-provence.aero\/boutique\/stage-jeune-a-lannee\/#breadcrumb\",\"itemListElement\":[{\"@type\":\"ListItem\",\"position\":1,\"name\":\"Home\",\"item\":\"https:\/\/fly-provence.aero\/\"},{\"@type\":\"ListItem\",\"position\":2,\"name\":\"Vols d&rsquo;initiation et stages de pilotage\",\"item\":\"https:\/\/fly-provence.aero\/boutique\/\"},{\"@type\":\"ListItem\",\"position\":3,\"name\":\"Stage jeune \u00e0 l\u2019ann\u00e9e\"}]},{\"@type\":\"WebSite\",\"@id\":\"https:\/\/fly-provence.aero\/#website\",\"url\":\"https:\/\/fly-provence.aero\/\",\"name\":\"FLY PROVENCE - \u00c9cole de pilotage \u00e0 Aix-en-Provence\",\"description\":\"\",\"publisher\":{\"@id\":\"https:\/\/fly-provence.aero\/#organization\"},\"potentialAction\":[{\"@type\":\"SearchAction\",\"target\":{\"@type\":\"EntryPoint\",\"urlTemplate\":\"https:\/\/fly-provence.aero\/?s={search_term_string}\"},\"query-input\":{\"@type\":\"PropertyValueSpecification\",\"valueRequired\":true,\"valueName\":\"search_term_string\"}}],\"inLanguage\":\"en-GB\"},{\"@type\":\"Organization\",\"@id\":\"https:\/\/fly-provence.aero\/#organization\",\"name\":\"FLY PROVENCE - \u00c9cole de pilotage \u00e0 Aix-en-Provence\",\"url\":\"https:\/\/fly-provence.aero\/\",\"logo\":{\"@type\":\"ImageObject\",\"inLanguage\":\"en-GB\",\"@id\":\"https:\/\/fly-provence.aero\/#\/schema\/logo\/image\/\",\"url\":\"https:\/\/fly-provence.aero\/wp-content\/uploads\/2024\/12\/cropped-fav.jpg\",\"contentUrl\":\"https:\/\/fly-provence.aero\/wp-content\/uploads\/2024\/12\/cropped-fav.jpg\",\"width\":512,\"height\":512,\"caption\":\"FLY PROVENCE - \u00c9cole de pilotage \u00e0 Aix-en-Provence\"},\"image\":{\"@id\":\"https:\/\/fly-provence.aero\/#\/schema\/logo\/image\/\"}}]}<\/script>\n<!-- \/ Yoast SEO plugin. -->","yoast_head_json":{"title":"FLY PROVENCE - Flying school in Aix-en-Provence, France","robots":{"index":"index","follow":"follow","max-snippet":"max-snippet:-1","max-image-preview":"max-image-preview:large","max-video-preview":"max-video-preview:-1"},"canonical":"https:\/\/fly-provence.aero\/en\/shop\/youth-internship-at-lannee\/","og_locale":"en_GB","og_type":"article","og_title":"Stage jeune \u00e0 l\u2019ann\u00e9e | FLY PROVENCE - \u00c9cole de pilotage \u00e0 Aix-en-Provence","og_description":"Avec Jeunesse Aviation, association bas\u00e9e sur l\u2019a\u00e9rodrome d\u2019Aix Les Milles, les jeunes entre 15 et 18 ans peuvent d\u00e9couvrir le monde de l\u2019a\u00e9ronautique et ses m\u00e9tiers au travers d\u2019un stage \u00e0 l\u2019ann\u00e9e.  Les stages se d\u00e9roulent dans les locaux de FLY-PROVENCE, le mercredi apr\u00e8s-midi, ou le samedi matin, durant l\u2019ann\u00e9e scolaire.  Les jeunes suivent une initiation th\u00e9orique et pratique au pilotage, avec la r\u00e9alisation de vols 2 fois par mois. Veuillez nous contacter pour en avoir plus. Le prix est indiqu\u00e9 par mois.","og_url":"https:\/\/fly-provence.aero\/en\/shop\/youth-internship-at-lannee\/","og_site_name":"FLY PROVENCE - \u00c9cole de pilotage \u00e0 Aix-en-Provence","article_modified_time":"2025-09-18T13:07:46+00:00","og_image":[{"width":1000,"height":666,"url":"https:\/\/fly-provence.aero\/wp-content\/uploads\/2025\/01\/stage-jeune-fly-provence.png","type":"image\/png"}],"twitter_card":"summary_large_image","schema":{"@context":"https:\/\/schema.org","@graph":[{"@type":"WebPage","@id":"https:\/\/fly-provence.aero\/boutique\/stage-jeune-a-lannee\/","url":"https:\/\/fly-provence.aero\/boutique\/stage-jeune-a-lannee\/","name":"FLY PROVENCE - Flying school in Aix-en-Provence, France","isPartOf":{"@id":"https:\/\/fly-provence.aero\/#website"},"primaryImageOfPage":{"@id":"https:\/\/fly-provence.aero\/boutique\/stage-jeune-a-lannee\/#primaryimage"},"image":{"@id":"https:\/\/fly-provence.aero\/boutique\/stage-jeune-a-lannee\/#primaryimage"},"thumbnailUrl":"https:\/\/fly-provence.aero\/wp-content\/uploads\/2025\/01\/stage-jeune-fly-provence.png","datePublished":"2025-01-09T10:15:51+00:00","dateModified":"2025-09-18T13:07:46+00:00","breadcrumb":{"@id":"https:\/\/fly-provence.aero\/boutique\/stage-jeune-a-lannee\/#breadcrumb"},"inLanguage":"en-GB","potentialAction":[{"@type":"ReadAction","target":["https:\/\/fly-provence.aero\/boutique\/stage-jeune-a-lannee\/"]}]},{"@type":"ImageObject","inLanguage":"en-GB","@id":"https:\/\/fly-provence.aero\/boutique\/stage-jeune-a-lannee\/#primaryimage","url":"https:\/\/fly-provence.aero\/wp-content\/uploads\/2025\/01\/stage-jeune-fly-provence.png","contentUrl":"https:\/\/fly-provence.aero\/wp-content\/uploads\/2025\/01\/stage-jeune-fly-provence.png","width":1000,"height":666},{"@type":"BreadcrumbList","@id":"https:\/\/fly-provence.aero\/boutique\/stage-jeune-a-lannee\/#breadcrumb","itemListElement":[{"@type":"ListItem","position":1,"name":"Home","item":"https:\/\/fly-provence.aero\/"},{"@type":"ListItem","position":2,"name":"Vols d&rsquo;initiation et stages de pilotage","item":"https:\/\/fly-provence.aero\/boutique\/"},{"@type":"ListItem","position":3,"name":"Stage jeune \u00e0 l\u2019ann\u00e9e"}]},{"@type":"WebSite","@id":"https:\/\/fly-provence.aero\/#website","url":"https:\/\/fly-provence.aero\/","name":"FLY PROVENCE - Flying school in Aix-en-Provence","description":"","publisher":{"@id":"https:\/\/fly-provence.aero\/#organization"},"potentialAction":[{"@type":"SearchAction","target":{"@type":"EntryPoint","urlTemplate":"https:\/\/fly-provence.aero\/?s={search_term_string}"},"query-input":{"@type":"PropertyValueSpecification","valueRequired":true,"valueName":"search_term_string"}}],"inLanguage":"en-GB"},{"@type":"Organization","@id":"https:\/\/fly-provence.aero\/#organization","name":"FLY PROVENCE - Flying school in Aix-en-Provence","url":"https:\/\/fly-provence.aero\/","logo":{"@type":"ImageObject","inLanguage":"en-GB","@id":"https:\/\/fly-provence.aero\/#\/schema\/logo\/image\/","url":"https:\/\/fly-provence.aero\/wp-content\/uploads\/2024\/12\/cropped-fav.jpg","contentUrl":"https:\/\/fly-provence.aero\/wp-content\/uploads\/2024\/12\/cropped-fav.jpg","width":512,"height":512,"caption":"FLY PROVENCE - \u00c9cole de pilotage \u00e0 Aix-en-Provence"},"image":{"@id":"https:\/\/fly-provence.aero\/#\/schema\/logo\/image\/"}}]}},"_links":{"self":[{"href":"https:\/\/fly-provence.aero\/en\/wp-json\/wp\/v2\/product\/1265","targetHints":{"allow":["GET"]}}],"collection":[{"href":"https:\/\/fly-provence.aero\/en\/wp-json\/wp\/v2\/product"}],"about":[{"href":"https:\/\/fly-provence.aero\/en\/wp-json\/wp\/v2\/types\/product"}],"replies":[{"embeddable":true,"href":"https:\/\/fly-provence.aero\/en\/wp-json\/wp\/v2\/comments?post=1265"}],"wp:featuredmedia":[{"embeddable":true,"href":"https:\/\/fly-provence.aero\/en\/wp-json\/wp\/v2\/media\/1273"}],"wp:attachment":[{"href":"https:\/\/fly-provence.aero\/en\/wp-json\/wp\/v2\/media?parent=1265"}],"wp:term":[{"taxonomy":"product_brand","embeddable":true,"href":"https:\/\/fly-provence.aero\/en\/wp-json\/wp\/v2\/product_brand?post=1265"},{"taxonomy":"product_cat","embeddable":true,"href":"https:\/\/fly-provence.aero\/en\/wp-json\/wp\/v2\/product_cat?post=1265"},{"taxonomy":"product_tag","embeddable":true,"href":"https:\/\/fly-provence.aero\/en\/wp-json\/wp\/v2\/product_tag?post=1265"}],"curies":[{"name":"wp","href":"https:\/\/api.w.org\/{rel}","templated":true}]}}