{"id":1258,"date":"2025-01-09T10:15:50","date_gmt":"2025-01-09T10:15:50","guid":{"rendered":"https:\/\/dev.fly-provence.aero\/?post_type=product&#038;p=1258"},"modified":"2025-09-18T13:09:58","modified_gmt":"2025-09-18T13:09:58","slug":"flight-initiation","status":"publish","type":"product","link":"https:\/\/fly-provence.aero\/en\/shop\/flight-initiation\/","title":{"rendered":"Discovery flight"},"content":{"rendered":"","protected":false},"excerpt":{"rendered":"<p><strong>Complete immersion:<\/strong> A friendly welcome, informative briefing, pre-flight visit, followed by a flight where you will be accompanied by an experienced pilot.<\/p>\n<p>Then, a useful debriefing and the souvenir of your aerial adventure: the aviator's diploma.<\/p>\n<p>An authentic experience to explore the first sensations of driving. The ideal gift for any occasion, to treat yourself or others.<\/p>\n<p>Maximum trainee weight: 100kg<\/p>","protected":false},"featured_media":1269,"comment_status":"open","ping_status":"closed","template":"","meta":[],"product_brand":[],"product_cat":[20],"product_tag":[],"class_list":{"0":"post-1258","1":"product","2":"type-product","3":"status-publish","4":"has-post-thumbnail","6":"product_cat-stages-et-initiations-au-pilotage-davion","8":"first","9":"instock","10":"taxable","11":"shipping-taxable","12":"purchasable","13":"product-type-variable"},"yoast_head":"<!-- This site is optimized with the Yoast SEO plugin v27.2 - https:\/\/yoast.com\/product\/yoast-seo-wordpress\/ -->\n<title>Vol d\u2019initiation au pilotage | FLY PROVENCE - \u00c9cole de pilotage \u00e0 Aix-en-Provence<\/title>\n<meta name=\"robots\" content=\"index, follow, max-snippet:-1, max-image-preview:large, max-video-preview:-1\" \/>\n<link rel=\"canonical\" href=\"https:\/\/fly-provence.aero\/en\/shop\/flight-initiation\/\" \/>\n<meta property=\"og:locale\" content=\"en_GB\" \/>\n<meta property=\"og:type\" content=\"article\" \/>\n<meta property=\"og:title\" content=\"Vol d\u2019initiation au pilotage | FLY PROVENCE - \u00c9cole de pilotage \u00e0 Aix-en-Provence\" \/>\n<meta property=\"og:description\" content=\"Une immersion compl\u00e8te : Accueil convivial, briefing instructif, visite pr\u00e9-vol, suivi d&#039;un vol ou vous piloterez accompagn\u00e9 d&#039;un pilote chevronn\u00e9.  Ensuite, un d\u00e9briefing utile et le souvenir de votre aventure a\u00e9rienne : le dipl\u00f4me d&#039;aviateur.  Une exp\u00e9rience authentique pour explorer les premi\u00e8res sensations du pilotage. Le cadeau id\u00e9al en toutes occasions pour faire plaisir aux autres, ou \u00e0 soi-m\u00eame.  Poids maximal du stagiaire : 100kg\" \/>\n<meta property=\"og:url\" content=\"https:\/\/fly-provence.aero\/en\/shop\/flight-initiation\/\" \/>\n<meta property=\"og:site_name\" content=\"FLY PROVENCE - \u00c9cole de pilotage \u00e0 Aix-en-Provence\" \/>\n<meta property=\"article:modified_time\" content=\"2025-09-18T13:09:58+00:00\" \/>\n<meta property=\"og:image\" content=\"https:\/\/fly-provence.aero\/wp-content\/uploads\/2025\/01\/4-1.jpeg\" \/>\n\t<meta property=\"og:image:width\" content=\"1000\" \/>\n\t<meta property=\"og:image:height\" content=\"667\" \/>\n\t<meta property=\"og:image:type\" content=\"image\/jpeg\" \/>\n<meta name=\"twitter:card\" content=\"summary_large_image\" \/>\n<meta name=\"twitter:label1\" content=\"Estimated reading time\" \/>\n\t<meta name=\"twitter:data1\" content=\"1 minute\" \/>\n<script type=\"application\/ld+json\" class=\"yoast-schema-graph\">{\"@context\":\"https:\/\/schema.org\",\"@graph\":[{\"@type\":\"WebPage\",\"@id\":\"https:\/\/fly-provence.aero\/boutique\/vol-dinitiation-au-pilotage\/\",\"url\":\"https:\/\/fly-provence.aero\/boutique\/vol-dinitiation-au-pilotage\/\",\"name\":\"Vol d\u2019initiation au pilotage | FLY PROVENCE - \u00c9cole de pilotage \u00e0 Aix-en-Provence\",\"isPartOf\":{\"@id\":\"https:\/\/fly-provence.aero\/#website\"},\"primaryImageOfPage\":{\"@id\":\"https:\/\/fly-provence.aero\/boutique\/vol-dinitiation-au-pilotage\/#primaryimage\"},\"image\":{\"@id\":\"https:\/\/fly-provence.aero\/boutique\/vol-dinitiation-au-pilotage\/#primaryimage\"},\"thumbnailUrl\":\"https:\/\/fly-provence.aero\/wp-content\/uploads\/2025\/01\/4-1.jpeg\",\"datePublished\":\"2025-01-09T10:15:50+00:00\",\"dateModified\":\"2025-09-18T13:09:58+00:00\",\"breadcrumb\":{\"@id\":\"https:\/\/fly-provence.aero\/boutique\/vol-dinitiation-au-pilotage\/#breadcrumb\"},\"inLanguage\":\"en-GB\",\"potentialAction\":[{\"@type\":\"ReadAction\",\"target\":[\"https:\/\/fly-provence.aero\/boutique\/vol-dinitiation-au-pilotage\/\"]}]},{\"@type\":\"ImageObject\",\"inLanguage\":\"en-GB\",\"@id\":\"https:\/\/fly-provence.aero\/boutique\/vol-dinitiation-au-pilotage\/#primaryimage\",\"url\":\"https:\/\/fly-provence.aero\/wp-content\/uploads\/2025\/01\/4-1.jpeg\",\"contentUrl\":\"https:\/\/fly-provence.aero\/wp-content\/uploads\/2025\/01\/4-1.jpeg\",\"width\":1000,\"height\":667},{\"@type\":\"BreadcrumbList\",\"@id\":\"https:\/\/fly-provence.aero\/boutique\/vol-dinitiation-au-pilotage\/#breadcrumb\",\"itemListElement\":[{\"@type\":\"ListItem\",\"position\":1,\"name\":\"Home\",\"item\":\"https:\/\/fly-provence.aero\/\"},{\"@type\":\"ListItem\",\"position\":2,\"name\":\"Vols d&rsquo;initiation et stages de pilotage\",\"item\":\"https:\/\/fly-provence.aero\/boutique\/\"},{\"@type\":\"ListItem\",\"position\":3,\"name\":\"Vol d\u2019initiation au pilotage\"}]},{\"@type\":\"WebSite\",\"@id\":\"https:\/\/fly-provence.aero\/#website\",\"url\":\"https:\/\/fly-provence.aero\/\",\"name\":\"FLY PROVENCE - \u00c9cole de pilotage \u00e0 Aix-en-Provence\",\"description\":\"\",\"publisher\":{\"@id\":\"https:\/\/fly-provence.aero\/#organization\"},\"potentialAction\":[{\"@type\":\"SearchAction\",\"target\":{\"@type\":\"EntryPoint\",\"urlTemplate\":\"https:\/\/fly-provence.aero\/?s={search_term_string}\"},\"query-input\":{\"@type\":\"PropertyValueSpecification\",\"valueRequired\":true,\"valueName\":\"search_term_string\"}}],\"inLanguage\":\"en-GB\"},{\"@type\":\"Organization\",\"@id\":\"https:\/\/fly-provence.aero\/#organization\",\"name\":\"FLY PROVENCE - \u00c9cole de pilotage \u00e0 Aix-en-Provence\",\"url\":\"https:\/\/fly-provence.aero\/\",\"logo\":{\"@type\":\"ImageObject\",\"inLanguage\":\"en-GB\",\"@id\":\"https:\/\/fly-provence.aero\/#\/schema\/logo\/image\/\",\"url\":\"https:\/\/fly-provence.aero\/wp-content\/uploads\/2024\/12\/cropped-fav.jpg\",\"contentUrl\":\"https:\/\/fly-provence.aero\/wp-content\/uploads\/2024\/12\/cropped-fav.jpg\",\"width\":512,\"height\":512,\"caption\":\"FLY PROVENCE - \u00c9cole de pilotage \u00e0 Aix-en-Provence\"},\"image\":{\"@id\":\"https:\/\/fly-provence.aero\/#\/schema\/logo\/image\/\"}}]}<\/script>\n<!-- \/ Yoast SEO plugin. -->","yoast_head_json":{"title":"Introductory flight to flying | FLY PROVENCE - Flying school in Aix-en-Provence","robots":{"index":"index","follow":"follow","max-snippet":"max-snippet:-1","max-image-preview":"max-image-preview:large","max-video-preview":"max-video-preview:-1"},"canonical":"https:\/\/fly-provence.aero\/en\/shop\/flight-initiation\/","og_locale":"en_GB","og_type":"article","og_title":"Vol d\u2019initiation au pilotage | FLY PROVENCE - \u00c9cole de pilotage \u00e0 Aix-en-Provence","og_description":"Une immersion compl\u00e8te : Accueil convivial, briefing instructif, visite pr\u00e9-vol, suivi d'un vol ou vous piloterez accompagn\u00e9 d'un pilote chevronn\u00e9.  Ensuite, un d\u00e9briefing utile et le souvenir de votre aventure a\u00e9rienne : le dipl\u00f4me d'aviateur.  Une exp\u00e9rience authentique pour explorer les premi\u00e8res sensations du pilotage. Le cadeau id\u00e9al en toutes occasions pour faire plaisir aux autres, ou \u00e0 soi-m\u00eame.  Poids maximal du stagiaire : 100kg","og_url":"https:\/\/fly-provence.aero\/en\/shop\/flight-initiation\/","og_site_name":"FLY PROVENCE - \u00c9cole de pilotage \u00e0 Aix-en-Provence","article_modified_time":"2025-09-18T13:09:58+00:00","og_image":[{"width":1000,"height":667,"url":"https:\/\/fly-provence.aero\/wp-content\/uploads\/2025\/01\/4-1.jpeg","type":"image\/jpeg"}],"twitter_card":"summary_large_image","twitter_misc":{"Estimated reading time":"1 minute"},"schema":{"@context":"https:\/\/schema.org","@graph":[{"@type":"WebPage","@id":"https:\/\/fly-provence.aero\/boutique\/vol-dinitiation-au-pilotage\/","url":"https:\/\/fly-provence.aero\/boutique\/vol-dinitiation-au-pilotage\/","name":"Introductory flight to flying | FLY PROVENCE - Flying school in Aix-en-Provence","isPartOf":{"@id":"https:\/\/fly-provence.aero\/#website"},"primaryImageOfPage":{"@id":"https:\/\/fly-provence.aero\/boutique\/vol-dinitiation-au-pilotage\/#primaryimage"},"image":{"@id":"https:\/\/fly-provence.aero\/boutique\/vol-dinitiation-au-pilotage\/#primaryimage"},"thumbnailUrl":"https:\/\/fly-provence.aero\/wp-content\/uploads\/2025\/01\/4-1.jpeg","datePublished":"2025-01-09T10:15:50+00:00","dateModified":"2025-09-18T13:09:58+00:00","breadcrumb":{"@id":"https:\/\/fly-provence.aero\/boutique\/vol-dinitiation-au-pilotage\/#breadcrumb"},"inLanguage":"en-GB","potentialAction":[{"@type":"ReadAction","target":["https:\/\/fly-provence.aero\/boutique\/vol-dinitiation-au-pilotage\/"]}]},{"@type":"ImageObject","inLanguage":"en-GB","@id":"https:\/\/fly-provence.aero\/boutique\/vol-dinitiation-au-pilotage\/#primaryimage","url":"https:\/\/fly-provence.aero\/wp-content\/uploads\/2025\/01\/4-1.jpeg","contentUrl":"https:\/\/fly-provence.aero\/wp-content\/uploads\/2025\/01\/4-1.jpeg","width":1000,"height":667},{"@type":"BreadcrumbList","@id":"https:\/\/fly-provence.aero\/boutique\/vol-dinitiation-au-pilotage\/#breadcrumb","itemListElement":[{"@type":"ListItem","position":1,"name":"Home","item":"https:\/\/fly-provence.aero\/"},{"@type":"ListItem","position":2,"name":"Vols d&rsquo;initiation et stages de pilotage","item":"https:\/\/fly-provence.aero\/boutique\/"},{"@type":"ListItem","position":3,"name":"Vol d\u2019initiation au pilotage"}]},{"@type":"WebSite","@id":"https:\/\/fly-provence.aero\/#website","url":"https:\/\/fly-provence.aero\/","name":"FLY PROVENCE - Flying school in Aix-en-Provence","description":"","publisher":{"@id":"https:\/\/fly-provence.aero\/#organization"},"potentialAction":[{"@type":"SearchAction","target":{"@type":"EntryPoint","urlTemplate":"https:\/\/fly-provence.aero\/?s={search_term_string}"},"query-input":{"@type":"PropertyValueSpecification","valueRequired":true,"valueName":"search_term_string"}}],"inLanguage":"en-GB"},{"@type":"Organization","@id":"https:\/\/fly-provence.aero\/#organization","name":"FLY PROVENCE - Flying school in Aix-en-Provence","url":"https:\/\/fly-provence.aero\/","logo":{"@type":"ImageObject","inLanguage":"en-GB","@id":"https:\/\/fly-provence.aero\/#\/schema\/logo\/image\/","url":"https:\/\/fly-provence.aero\/wp-content\/uploads\/2024\/12\/cropped-fav.jpg","contentUrl":"https:\/\/fly-provence.aero\/wp-content\/uploads\/2024\/12\/cropped-fav.jpg","width":512,"height":512,"caption":"FLY PROVENCE - \u00c9cole de pilotage \u00e0 Aix-en-Provence"},"image":{"@id":"https:\/\/fly-provence.aero\/#\/schema\/logo\/image\/"}}]}},"_links":{"self":[{"href":"https:\/\/fly-provence.aero\/en\/wp-json\/wp\/v2\/product\/1258","targetHints":{"allow":["GET"]}}],"collection":[{"href":"https:\/\/fly-provence.aero\/en\/wp-json\/wp\/v2\/product"}],"about":[{"href":"https:\/\/fly-provence.aero\/en\/wp-json\/wp\/v2\/types\/product"}],"replies":[{"embeddable":true,"href":"https:\/\/fly-provence.aero\/en\/wp-json\/wp\/v2\/comments?post=1258"}],"wp:featuredmedia":[{"embeddable":true,"href":"https:\/\/fly-provence.aero\/en\/wp-json\/wp\/v2\/media\/1269"}],"wp:attachment":[{"href":"https:\/\/fly-provence.aero\/en\/wp-json\/wp\/v2\/media?parent=1258"}],"wp:term":[{"taxonomy":"product_brand","embeddable":true,"href":"https:\/\/fly-provence.aero\/en\/wp-json\/wp\/v2\/product_brand?post=1258"},{"taxonomy":"product_cat","embeddable":true,"href":"https:\/\/fly-provence.aero\/en\/wp-json\/wp\/v2\/product_cat?post=1258"},{"taxonomy":"product_tag","embeddable":true,"href":"https:\/\/fly-provence.aero\/en\/wp-json\/wp\/v2\/product_tag?post=1258"}],"curies":[{"name":"wp","href":"https:\/\/api.w.org\/{rel}","templated":true}]}}