{"id":1257,"date":"2025-01-09T10:15:50","date_gmt":"2025-01-09T10:15:50","guid":{"rendered":"https:\/\/dev.fly-provence.aero\/?post_type=product&#038;p=1257"},"modified":"2025-12-18T09:15:44","modified_gmt":"2025-12-18T09:15:44","slug":"qualification-on-electric-aircraft","status":"publish","type":"product","link":"https:\/\/fly-provence.aero\/en\/shop\/qualification-on-electric-aircraft\/","title":{"rendered":"Qualification on electric aircraft"},"content":{"rendered":"","protected":false},"excerpt":{"rendered":"<p><span style=\"color: #000000;\"><strong>The qualification includes :<\/strong><\/span><\/p>\n<ul>\n<li><span style=\"color: #000000;\">Theoretical courses<\/span><\/li>\n<li><span style=\"color: #000000;\">4 h briefing\/debriefings<\/span><\/li>\n<li><span style=\"color: #000000;\">4 flight training flights<\/span><\/li>\n<li><span style=\"color: #000000;\">Release flight<\/span><\/li>\n<\/ul>","protected":false},"featured_media":1266,"comment_status":"open","ping_status":"closed","template":"","meta":[],"product_brand":[],"product_cat":[30],"product_tag":[],"class_list":{"0":"post-1257","1":"product","2":"type-product","3":"status-publish","4":"has-post-thumbnail","6":"product_cat-qualifications","8":"first","9":"instock","10":"virtual","11":"taxable","12":"purchasable","13":"product-type-simple"},"yoast_head":"<!-- This site is optimized with the Yoast SEO plugin v27.2 - https:\/\/yoast.com\/product\/yoast-seo-wordpress\/ -->\n<title>Qualification sur avion \u00e9lectrique | FLY PROVENCE - \u00c9cole de pilotage \u00e0 Aix-en-Provence<\/title>\n<meta name=\"robots\" content=\"index, follow, max-snippet:-1, max-image-preview:large, max-video-preview:-1\" \/>\n<link rel=\"canonical\" href=\"https:\/\/fly-provence.aero\/en\/shop\/qualification-on-electric-aircraft\/\" \/>\n<meta property=\"og:locale\" content=\"en_GB\" \/>\n<meta property=\"og:type\" content=\"article\" \/>\n<meta property=\"og:title\" content=\"Qualification sur avion \u00e9lectrique | FLY PROVENCE - \u00c9cole de pilotage \u00e0 Aix-en-Provence\" \/>\n<meta property=\"og:description\" content=\"La qualification comprend :   Cours th\u00e9oriques  4 h briefing\/debriefings  4 vols de formation en vol  Vol de l\u00e2cher\" \/>\n<meta property=\"og:url\" content=\"https:\/\/fly-provence.aero\/en\/shop\/qualification-on-electric-aircraft\/\" \/>\n<meta property=\"og:site_name\" content=\"FLY PROVENCE - \u00c9cole de pilotage \u00e0 Aix-en-Provence\" \/>\n<meta property=\"article:modified_time\" content=\"2025-12-18T09:15:44+00:00\" \/>\n<meta property=\"og:image\" content=\"https:\/\/fly-provence.aero\/wp-content\/uploads\/2025\/01\/HL_JMASSON-6-scaled-2-1.jpg\" \/>\n\t<meta property=\"og:image:width\" content=\"500\" \/>\n\t<meta property=\"og:image:height\" content=\"333\" \/>\n\t<meta property=\"og:image:type\" content=\"image\/jpeg\" \/>\n<meta name=\"twitter:card\" content=\"summary_large_image\" \/>\n<script type=\"application\/ld+json\" class=\"yoast-schema-graph\">{\"@context\":\"https:\/\/schema.org\",\"@graph\":[{\"@type\":\"WebPage\",\"@id\":\"https:\/\/fly-provence.aero\/boutique\/qualification-sur-avion-electrique\/\",\"url\":\"https:\/\/fly-provence.aero\/boutique\/qualification-sur-avion-electrique\/\",\"name\":\"Qualification sur avion \u00e9lectrique | FLY PROVENCE - \u00c9cole de pilotage \u00e0 Aix-en-Provence\",\"isPartOf\":{\"@id\":\"https:\/\/fly-provence.aero\/#website\"},\"primaryImageOfPage\":{\"@id\":\"https:\/\/fly-provence.aero\/boutique\/qualification-sur-avion-electrique\/#primaryimage\"},\"image\":{\"@id\":\"https:\/\/fly-provence.aero\/boutique\/qualification-sur-avion-electrique\/#primaryimage\"},\"thumbnailUrl\":\"https:\/\/fly-provence.aero\/wp-content\/uploads\/2025\/01\/HL_JMASSON-6-scaled-2-1.jpg\",\"datePublished\":\"2025-01-09T10:15:50+00:00\",\"dateModified\":\"2025-12-18T09:15:44+00:00\",\"breadcrumb\":{\"@id\":\"https:\/\/fly-provence.aero\/boutique\/qualification-sur-avion-electrique\/#breadcrumb\"},\"inLanguage\":\"en-GB\",\"potentialAction\":[{\"@type\":\"ReadAction\",\"target\":[\"https:\/\/fly-provence.aero\/boutique\/qualification-sur-avion-electrique\/\"]}]},{\"@type\":\"ImageObject\",\"inLanguage\":\"en-GB\",\"@id\":\"https:\/\/fly-provence.aero\/boutique\/qualification-sur-avion-electrique\/#primaryimage\",\"url\":\"https:\/\/fly-provence.aero\/wp-content\/uploads\/2025\/01\/HL_JMASSON-6-scaled-2-1.jpg\",\"contentUrl\":\"https:\/\/fly-provence.aero\/wp-content\/uploads\/2025\/01\/HL_JMASSON-6-scaled-2-1.jpg\",\"width\":500,\"height\":333},{\"@type\":\"BreadcrumbList\",\"@id\":\"https:\/\/fly-provence.aero\/boutique\/qualification-sur-avion-electrique\/#breadcrumb\",\"itemListElement\":[{\"@type\":\"ListItem\",\"position\":1,\"name\":\"Home\",\"item\":\"https:\/\/fly-provence.aero\/\"},{\"@type\":\"ListItem\",\"position\":2,\"name\":\"Vols d&rsquo;initiation et stages de pilotage\",\"item\":\"https:\/\/fly-provence.aero\/boutique\/\"},{\"@type\":\"ListItem\",\"position\":3,\"name\":\"Qualification sur avion \u00e9lectrique\"}]},{\"@type\":\"WebSite\",\"@id\":\"https:\/\/fly-provence.aero\/#website\",\"url\":\"https:\/\/fly-provence.aero\/\",\"name\":\"FLY PROVENCE - \u00c9cole de pilotage \u00e0 Aix-en-Provence\",\"description\":\"\",\"publisher\":{\"@id\":\"https:\/\/fly-provence.aero\/#organization\"},\"potentialAction\":[{\"@type\":\"SearchAction\",\"target\":{\"@type\":\"EntryPoint\",\"urlTemplate\":\"https:\/\/fly-provence.aero\/?s={search_term_string}\"},\"query-input\":{\"@type\":\"PropertyValueSpecification\",\"valueRequired\":true,\"valueName\":\"search_term_string\"}}],\"inLanguage\":\"en-GB\"},{\"@type\":\"Organization\",\"@id\":\"https:\/\/fly-provence.aero\/#organization\",\"name\":\"FLY PROVENCE - \u00c9cole de pilotage \u00e0 Aix-en-Provence\",\"url\":\"https:\/\/fly-provence.aero\/\",\"logo\":{\"@type\":\"ImageObject\",\"inLanguage\":\"en-GB\",\"@id\":\"https:\/\/fly-provence.aero\/#\/schema\/logo\/image\/\",\"url\":\"https:\/\/fly-provence.aero\/wp-content\/uploads\/2024\/12\/cropped-fav.jpg\",\"contentUrl\":\"https:\/\/fly-provence.aero\/wp-content\/uploads\/2024\/12\/cropped-fav.jpg\",\"width\":512,\"height\":512,\"caption\":\"FLY PROVENCE - \u00c9cole de pilotage \u00e0 Aix-en-Provence\"},\"image\":{\"@id\":\"https:\/\/fly-provence.aero\/#\/schema\/logo\/image\/\"}}]}<\/script>\n<!-- \/ Yoast SEO plugin. -->","yoast_head_json":{"title":"Electric aircraft qualification | FLY PROVENCE - Flying school in Aix-en-Provence","robots":{"index":"index","follow":"follow","max-snippet":"max-snippet:-1","max-image-preview":"max-image-preview:large","max-video-preview":"max-video-preview:-1"},"canonical":"https:\/\/fly-provence.aero\/en\/shop\/qualification-on-electric-aircraft\/","og_locale":"en_GB","og_type":"article","og_title":"Qualification sur avion \u00e9lectrique | FLY PROVENCE - \u00c9cole de pilotage \u00e0 Aix-en-Provence","og_description":"La qualification comprend :   Cours th\u00e9oriques  4 h briefing\/debriefings  4 vols de formation en vol  Vol de l\u00e2cher","og_url":"https:\/\/fly-provence.aero\/en\/shop\/qualification-on-electric-aircraft\/","og_site_name":"FLY PROVENCE - \u00c9cole de pilotage \u00e0 Aix-en-Provence","article_modified_time":"2025-12-18T09:15:44+00:00","og_image":[{"width":500,"height":333,"url":"https:\/\/fly-provence.aero\/wp-content\/uploads\/2025\/01\/HL_JMASSON-6-scaled-2-1.jpg","type":"image\/jpeg"}],"twitter_card":"summary_large_image","schema":{"@context":"https:\/\/schema.org","@graph":[{"@type":"WebPage","@id":"https:\/\/fly-provence.aero\/boutique\/qualification-sur-avion-electrique\/","url":"https:\/\/fly-provence.aero\/boutique\/qualification-sur-avion-electrique\/","name":"Electric aircraft qualification | FLY PROVENCE - Flying school in Aix-en-Provence","isPartOf":{"@id":"https:\/\/fly-provence.aero\/#website"},"primaryImageOfPage":{"@id":"https:\/\/fly-provence.aero\/boutique\/qualification-sur-avion-electrique\/#primaryimage"},"image":{"@id":"https:\/\/fly-provence.aero\/boutique\/qualification-sur-avion-electrique\/#primaryimage"},"thumbnailUrl":"https:\/\/fly-provence.aero\/wp-content\/uploads\/2025\/01\/HL_JMASSON-6-scaled-2-1.jpg","datePublished":"2025-01-09T10:15:50+00:00","dateModified":"2025-12-18T09:15:44+00:00","breadcrumb":{"@id":"https:\/\/fly-provence.aero\/boutique\/qualification-sur-avion-electrique\/#breadcrumb"},"inLanguage":"en-GB","potentialAction":[{"@type":"ReadAction","target":["https:\/\/fly-provence.aero\/boutique\/qualification-sur-avion-electrique\/"]}]},{"@type":"ImageObject","inLanguage":"en-GB","@id":"https:\/\/fly-provence.aero\/boutique\/qualification-sur-avion-electrique\/#primaryimage","url":"https:\/\/fly-provence.aero\/wp-content\/uploads\/2025\/01\/HL_JMASSON-6-scaled-2-1.jpg","contentUrl":"https:\/\/fly-provence.aero\/wp-content\/uploads\/2025\/01\/HL_JMASSON-6-scaled-2-1.jpg","width":500,"height":333},{"@type":"BreadcrumbList","@id":"https:\/\/fly-provence.aero\/boutique\/qualification-sur-avion-electrique\/#breadcrumb","itemListElement":[{"@type":"ListItem","position":1,"name":"Home","item":"https:\/\/fly-provence.aero\/"},{"@type":"ListItem","position":2,"name":"Vols d&rsquo;initiation et stages de pilotage","item":"https:\/\/fly-provence.aero\/boutique\/"},{"@type":"ListItem","position":3,"name":"Qualification sur avion \u00e9lectrique"}]},{"@type":"WebSite","@id":"https:\/\/fly-provence.aero\/#website","url":"https:\/\/fly-provence.aero\/","name":"FLY PROVENCE - Flying school in Aix-en-Provence","description":"","publisher":{"@id":"https:\/\/fly-provence.aero\/#organization"},"potentialAction":[{"@type":"SearchAction","target":{"@type":"EntryPoint","urlTemplate":"https:\/\/fly-provence.aero\/?s={search_term_string}"},"query-input":{"@type":"PropertyValueSpecification","valueRequired":true,"valueName":"search_term_string"}}],"inLanguage":"en-GB"},{"@type":"Organization","@id":"https:\/\/fly-provence.aero\/#organization","name":"FLY PROVENCE - Flying school in Aix-en-Provence","url":"https:\/\/fly-provence.aero\/","logo":{"@type":"ImageObject","inLanguage":"en-GB","@id":"https:\/\/fly-provence.aero\/#\/schema\/logo\/image\/","url":"https:\/\/fly-provence.aero\/wp-content\/uploads\/2024\/12\/cropped-fav.jpg","contentUrl":"https:\/\/fly-provence.aero\/wp-content\/uploads\/2024\/12\/cropped-fav.jpg","width":512,"height":512,"caption":"FLY PROVENCE - \u00c9cole de pilotage \u00e0 Aix-en-Provence"},"image":{"@id":"https:\/\/fly-provence.aero\/#\/schema\/logo\/image\/"}}]}},"_links":{"self":[{"href":"https:\/\/fly-provence.aero\/en\/wp-json\/wp\/v2\/product\/1257","targetHints":{"allow":["GET"]}}],"collection":[{"href":"https:\/\/fly-provence.aero\/en\/wp-json\/wp\/v2\/product"}],"about":[{"href":"https:\/\/fly-provence.aero\/en\/wp-json\/wp\/v2\/types\/product"}],"replies":[{"embeddable":true,"href":"https:\/\/fly-provence.aero\/en\/wp-json\/wp\/v2\/comments?post=1257"}],"wp:featuredmedia":[{"embeddable":true,"href":"https:\/\/fly-provence.aero\/en\/wp-json\/wp\/v2\/media\/1266"}],"wp:attachment":[{"href":"https:\/\/fly-provence.aero\/en\/wp-json\/wp\/v2\/media?parent=1257"}],"wp:term":[{"taxonomy":"product_brand","embeddable":true,"href":"https:\/\/fly-provence.aero\/en\/wp-json\/wp\/v2\/product_brand?post=1257"},{"taxonomy":"product_cat","embeddable":true,"href":"https:\/\/fly-provence.aero\/en\/wp-json\/wp\/v2\/product_cat?post=1257"},{"taxonomy":"product_tag","embeddable":true,"href":"https:\/\/fly-provence.aero\/en\/wp-json\/wp\/v2\/product_tag?post=1257"}],"curies":[{"name":"wp","href":"https:\/\/api.w.org\/{rel}","templated":true}]}}